{"id":12,"date":"2026-03-13T11:10:51","date_gmt":"2026-03-13T11:10:51","guid":{"rendered":"https:\/\/barsobrado.rkinformatika.online\/?page_id=12"},"modified":"2026-03-16T08:09:03","modified_gmt":"2026-03-16T08:09:03","slug":"servicios","status":"publish","type":"page","link":"https:\/\/barsobrado.com\/en\/servicios\/","title":{"rendered":"Services"},"content":{"rendered":"<div data-elementor-type=\"wp-page\" data-elementor-id=\"12\" class=\"elementor elementor-12\" data-elementor-post-type=\"page\">\n\t\t\t\t<div class=\"elementor-element elementor-element-0111647 e-flex e-con-boxed e-con e-parent\" data-id=\"0111647\" data-element_type=\"container\" data-e-type=\"container\" data-settings=\"{&quot;background_background&quot;:&quot;classic&quot;}\">\n\t\t\t\t\t<div class=\"e-con-inner\">\n\t\t\t\t<div class=\"elementor-element elementor-element-c6398a8 animated-slow elementor-invisible elementor-widget elementor-widget-heading\" data-id=\"c6398a8\" data-element_type=\"widget\" data-e-type=\"widget\" data-settings=\"{&quot;_animation&quot;:&quot;fadeInRight&quot;}\" data-widget_type=\"heading.default\">\n\t\t\t\t\t<h2 class=\"elementor-heading-title elementor-size-default\">Services<\/h2>\t\t\t\t<\/div>\n\t\t\t\t\t<\/div>\n\t\t\t\t<\/div>\n\t\t<div class=\"elementor-element elementor-element-b692208 e-flex e-con-boxed e-con e-parent\" data-id=\"b692208\" data-element_type=\"container\" data-e-type=\"container\">\n\t\t\t\t\t<div class=\"e-con-inner\">\n\t\t\t\t<div class=\"elementor-element elementor-element-65b2a27 elementor-widget elementor-widget-heading\" data-id=\"65b2a27\" data-element_type=\"widget\" data-e-type=\"widget\" data-widget_type=\"heading.default\">\n\t\t\t\t\t<h2 class=\"elementor-heading-title elementor-size-default\">Descubre lo que ofrecemos<\/h2>\t\t\t\t<\/div>\n\t\t\t\t\t<\/div>\n\t\t\t\t<\/div>\n\t\t<div class=\"elementor-element elementor-element-5640b76 e-flex e-con-boxed e-con e-parent\" data-id=\"5640b76\" data-element_type=\"container\" data-e-type=\"container\">\n\t\t\t\t\t<div class=\"e-con-inner\">\n\t\t<div class=\"elementor-element elementor-element-af61f97 e-con-full e-flex e-con e-child\" data-id=\"af61f97\" data-element_type=\"container\" data-e-type=\"container\" data-settings=\"{&quot;background_background&quot;:&quot;classic&quot;}\">\n\t\t\t\t<div class=\"elementor-element elementor-element-59a1dea elementor-widget elementor-widget-image\" data-id=\"59a1dea\" data-element_type=\"widget\" data-e-type=\"widget\" data-widget_type=\"image.default\">\n\t\t\t\t\t\t\t\t\t\t\t\t\t\t\t<img fetchpriority=\"high\" decoding=\"async\" width=\"632\" height=\"571\" src=\"https:\/\/barsobrado.com\/wp-content\/uploads\/2026\/03\/Captura-desde-2026-03-13-15-03-03.png\" class=\"attachment-large size-large wp-image-427\" alt=\"\" srcset=\"https:\/\/barsobrado.com\/wp-content\/uploads\/2026\/03\/Captura-desde-2026-03-13-15-03-03.png 632w, https:\/\/barsobrado.com\/wp-content\/uploads\/2026\/03\/Captura-desde-2026-03-13-15-03-03-300x271.png 300w, https:\/\/barsobrado.com\/wp-content\/uploads\/2026\/03\/Captura-desde-2026-03-13-15-03-03-13x12.png 13w\" sizes=\"(max-width: 632px) 100vw, 632px\" \/>\t\t\t\t\t\t\t\t\t\t\t\t\t\t\t<\/div>\n\t\t\t\t<div class=\"elementor-element elementor-element-88708aa elementor-widget elementor-widget-heading\" data-id=\"88708aa\" data-element_type=\"widget\" data-e-type=\"widget\" data-widget_type=\"heading.default\">\n\t\t\t\t\t<h2 class=\"elementor-heading-title elementor-size-default\">Calamares<\/h2>\t\t\t\t<\/div>\n\t\t<div class=\"elementor-element elementor-element-1ebe278 e-con-full e-flex e-con e-child\" data-id=\"1ebe278\" data-element_type=\"container\" data-e-type=\"container\">\n\t\t\t\t<div class=\"elementor-element elementor-element-ce50c5a elementor-widget elementor-widget-text-editor\" data-id=\"ce50c5a\" data-element_type=\"widget\" data-e-type=\"widget\" data-widget_type=\"text-editor.default\">\n\t\t\t\t\t\t\t\t\t<p>Especialidad en calamares, preparados al momento y con el sabor tradicional que nos caracteriza.\u00a0<\/p>\t\t\t\t\t\t\t\t<\/div>\n\t\t\t\t<\/div>\n\t\t\t\t<\/div>\n\t\t<div class=\"elementor-element elementor-element-6084243 e-con-full e-flex e-con e-child\" data-id=\"6084243\" data-element_type=\"container\" data-e-type=\"container\" data-settings=\"{&quot;background_background&quot;:&quot;classic&quot;}\">\n\t\t\t\t<div class=\"elementor-element elementor-element-0eefb29 elementor-widget elementor-widget-image\" data-id=\"0eefb29\" data-element_type=\"widget\" data-e-type=\"widget\" data-widget_type=\"image.default\">\n\t\t\t\t\t\t\t\t\t\t\t\t\t\t\t<img decoding=\"async\" width=\"632\" height=\"571\" src=\"https:\/\/barsobrado.com\/wp-content\/uploads\/2026\/03\/Captura-desde-2026-03-13-15-00-57.png\" class=\"attachment-large size-large wp-image-428\" alt=\"\" srcset=\"https:\/\/barsobrado.com\/wp-content\/uploads\/2026\/03\/Captura-desde-2026-03-13-15-00-57.png 632w, https:\/\/barsobrado.com\/wp-content\/uploads\/2026\/03\/Captura-desde-2026-03-13-15-00-57-300x271.png 300w, https:\/\/barsobrado.com\/wp-content\/uploads\/2026\/03\/Captura-desde-2026-03-13-15-00-57-13x12.png 13w\" sizes=\"(max-width: 632px) 100vw, 632px\" \/>\t\t\t\t\t\t\t\t\t\t\t\t\t\t\t<\/div>\n\t\t\t\t<div class=\"elementor-element elementor-element-0ee4213 elementor-widget elementor-widget-heading\" data-id=\"0ee4213\" data-element_type=\"widget\" data-e-type=\"widget\" data-widget_type=\"heading.default\">\n\t\t\t\t\t<h2 class=\"elementor-heading-title elementor-size-default\">Bebidas y bar<\/h2>\t\t\t\t<\/div>\n\t\t<div class=\"elementor-element elementor-element-f63aae5 e-con-full e-flex e-con e-child\" data-id=\"f63aae5\" data-element_type=\"container\" data-e-type=\"container\">\n\t\t\t\t<div class=\"elementor-element elementor-element-7d919b0 elementor-widget elementor-widget-text-editor\" data-id=\"7d919b0\" data-element_type=\"widget\" data-e-type=\"widget\" data-widget_type=\"text-editor.default\">\n\t\t\t\t\t\t\t\t\t<p>Amplia selecci\u00f3n de cervezas, vinos, refrescos y combinados para acompa\u00f1ar cualquier momento del d\u00eda.<\/p>\t\t\t\t\t\t\t\t<\/div>\n\t\t\t\t<\/div>\n\t\t\t\t<\/div>\n\t\t<div class=\"elementor-element elementor-element-c29c0ee e-con-full e-flex e-con e-child\" data-id=\"c29c0ee\" data-element_type=\"container\" data-e-type=\"container\" data-settings=\"{&quot;background_background&quot;:&quot;classic&quot;}\">\n\t\t\t\t<div class=\"elementor-element elementor-element-cad2a50 elementor-widget elementor-widget-image\" data-id=\"cad2a50\" data-element_type=\"widget\" data-e-type=\"widget\" data-widget_type=\"image.default\">\n\t\t\t\t\t\t\t\t\t\t\t\t\t\t\t<img decoding=\"async\" width=\"632\" height=\"571\" src=\"https:\/\/barsobrado.com\/wp-content\/uploads\/2026\/03\/Captura-desde-2026-03-13-15-00-53.png\" class=\"attachment-large size-large wp-image-429\" alt=\"\" srcset=\"https:\/\/barsobrado.com\/wp-content\/uploads\/2026\/03\/Captura-desde-2026-03-13-15-00-53.png 632w, https:\/\/barsobrado.com\/wp-content\/uploads\/2026\/03\/Captura-desde-2026-03-13-15-00-53-300x271.png 300w, https:\/\/barsobrado.com\/wp-content\/uploads\/2026\/03\/Captura-desde-2026-03-13-15-00-53-13x12.png 13w\" sizes=\"(max-width: 632px) 100vw, 632px\" \/>\t\t\t\t\t\t\t\t\t\t\t\t\t\t\t<\/div>\n\t\t\t\t<div class=\"elementor-element elementor-element-a5ab834 elementor-widget elementor-widget-heading\" data-id=\"a5ab834\" data-element_type=\"widget\" data-e-type=\"widget\" data-widget_type=\"heading.default\">\n\t\t\t\t\t<h2 class=\"elementor-heading-title elementor-size-default\">Tapas y raciones<\/h2>\t\t\t\t<\/div>\n\t\t<div class=\"elementor-element elementor-element-84ce969 e-con-full e-flex e-con e-child\" data-id=\"84ce969\" data-element_type=\"container\" data-e-type=\"container\">\n\t\t\t\t<div class=\"elementor-element elementor-element-af21266 elementor-widget elementor-widget-text-editor\" data-id=\"af21266\" data-element_type=\"widget\" data-e-type=\"widget\" data-widget_type=\"text-editor.default\">\n\t\t\t\t\t\t\t\t\t<p>Ofrecemos una variedad de tapas y raciones tradicionales para compartir y disfrutar en buen ambiente.<\/p>\t\t\t\t\t\t\t\t<\/div>\n\t\t\t\t<\/div>\n\t\t\t\t<\/div>\n\t\t\t\t\t<\/div>\n\t\t\t\t<\/div>\n\t\t<div class=\"elementor-element elementor-element-3bfc30a e-flex e-con-boxed e-con e-parent\" data-id=\"3bfc30a\" data-element_type=\"container\" data-e-type=\"container\">\n\t\t\t\t\t<div class=\"e-con-inner\">\n\t\t\t\t<div class=\"elementor-element elementor-element-2228a49 elementor-widget elementor-widget-heading\" data-id=\"2228a49\" data-element_type=\"widget\" data-e-type=\"widget\" data-widget_type=\"heading.default\">\n\t\t\t\t\t<h2 class=\"elementor-heading-title elementor-size-default\">Galer\u00eda de Fotos<\/h2>\t\t\t\t<\/div>\n\t\t\t\t<div class=\"elementor-element elementor-element-cf0933a elementor-widget elementor-widget-gallery\" data-id=\"cf0933a\" data-element_type=\"widget\" data-e-type=\"widget\" data-settings=\"{&quot;columns_tablet&quot;:4,&quot;lazyload&quot;:&quot;yes&quot;,&quot;gallery_layout&quot;:&quot;grid&quot;,&quot;columns&quot;:4,&quot;columns_mobile&quot;:1,&quot;gap&quot;:{&quot;unit&quot;:&quot;px&quot;,&quot;size&quot;:10,&quot;sizes&quot;:[]},&quot;gap_tablet&quot;:{&quot;unit&quot;:&quot;px&quot;,&quot;size&quot;:10,&quot;sizes&quot;:[]},&quot;gap_mobile&quot;:{&quot;unit&quot;:&quot;px&quot;,&quot;size&quot;:10,&quot;sizes&quot;:[]},&quot;link_to&quot;:&quot;file&quot;,&quot;aspect_ratio&quot;:&quot;3:2&quot;,&quot;overlay_background&quot;:&quot;yes&quot;,&quot;content_hover_animation&quot;:&quot;fade-in&quot;}\" data-widget_type=\"gallery.default\">\n\t\t\t\t\t\t\t<div class=\"elementor-gallery__container\">\n\t\t\t\t\t\t\t<a class=\"e-gallery-item elementor-gallery-item elementor-animated-content\" href=\"https:\/\/barsobrado.com\/wp-content\/uploads\/2026\/03\/imgi_24_AHVAwepy5SD8T7zw2s0jBisHsVBTzJjSj8SPAmg7GpG6gS_GsYz068RJGlfKchv8HC1cKW6SbzPgr5cUOYuD3wgxTAPSfNG76KM9AGs_aF4Gm__vduf8-i9fKMxcX_WF5WO0g782arGOrww141-h176-n-k-no-nu.jpg\" data-elementor-open-lightbox=\"yes\" data-elementor-lightbox-slideshow=\"cf0933a\" data-e-action-hash=\"#elementor-action%3Aaction%3Dlightbox%26settings%3DeyJpZCI6MjQ2LCJ1cmwiOiJodHRwczpcL1wvYmFyc29icmFkby5jb21cL3dwLWNvbnRlbnRcL3VwbG9hZHNcLzIwMjZcLzAzXC9pbWdpXzI0X0FIVkF3ZXB5NVNEOFQ3encyczBqQmlzSHNWQlR6SmpTajhTUEFtZzdHcEc2Z1NfR3NZejA2OFJKR2xmS2NodjhIQzFjS1c2U2J6UGdyNWNVT1l1RDN3Z3hUQVBTZk5HNzZLTTlBR3NfYUY0R21fX3ZkdWY4LWk5ZktNeGNYX1dGNVdPMGc3ODJhckdPcnd3MTQxLWgxNzYtbi1rLW5vLW51LmpwZyIsInNsaWRlc2hvdyI6ImNmMDkzM2EifQ%3D%3D\">\n\t\t\t\t\t<div class=\"e-gallery-image elementor-gallery-item__image\" data-thumbnail=\"https:\/\/barsobrado.com\/wp-content\/uploads\/2026\/03\/imgi_24_AHVAwepy5SD8T7zw2s0jBisHsVBTzJjSj8SPAmg7GpG6gS_GsYz068RJGlfKchv8HC1cKW6SbzPgr5cUOYuD3wgxTAPSfNG76KM9AGs_aF4Gm__vduf8-i9fKMxcX_WF5WO0g782arGOrww141-h176-n-k-no-nu.jpg\" data-width=\"141\" data-height=\"176\" aria-label=\"\" role=\"img\" ><\/div>\n\t\t\t\t\t\t\t\t\t\t\t<div class=\"elementor-gallery-item__overlay\"><\/div>\n\t\t\t\t\t\t\t\t\t\t\t\t\t\t<\/a>\n\t\t\t\t\t\t\t<a class=\"e-gallery-item elementor-gallery-item elementor-animated-content\" href=\"https:\/\/barsobrado.com\/wp-content\/uploads\/2026\/03\/imgi_29_AHVAwepL7YwXr1KuilHUMUXtriHEam5tpZ5Yx1cjBAFSBG_dkQX69wTZGoivdIqd8irIkOPKACgO0p0OIor1bJ6_69gbCm13FXkfupNSVCrwT_9azZezDLyixCrBMsDO3-5owFYDm6sos1360-w1360-h1020-rw.webp\" data-elementor-open-lightbox=\"yes\" data-elementor-lightbox-slideshow=\"cf0933a\" data-e-action-hash=\"#elementor-action%3Aaction%3Dlightbox%26settings%3DeyJpZCI6MjQ1LCJ1cmwiOiJodHRwczpcL1wvYmFyc29icmFkby5jb21cL3dwLWNvbnRlbnRcL3VwbG9hZHNcLzIwMjZcLzAzXC9pbWdpXzI5X0FIVkF3ZXBMN1l3WHIxS3VpbEhVTVVYdHJpSEVhbTV0cFo1WXgxY2pCQUZTQkdfZGtRWDY5d1RaR29pdmRJcWQ4aXJJa09QS0FDZ08wcDBPSW9yMWJKNl82OWdiQ20xM0ZYa2Z1cE5TVkNyd1RfOWF6WmV6REx5aXhDckJNc0RPMy01b3dGWURtNnNvczEzNjAtdzEzNjAtaDEwMjAtcncud2VicCIsInNsaWRlc2hvdyI6ImNmMDkzM2EifQ%3D%3D\">\n\t\t\t\t\t<div class=\"e-gallery-image elementor-gallery-item__image\" data-thumbnail=\"https:\/\/barsobrado.com\/wp-content\/uploads\/2026\/03\/imgi_29_AHVAwepL7YwXr1KuilHUMUXtriHEam5tpZ5Yx1cjBAFSBG_dkQX69wTZGoivdIqd8irIkOPKACgO0p0OIor1bJ6_69gbCm13FXkfupNSVCrwT_9azZezDLyixCrBMsDO3-5owFYDm6sos1360-w1360-h1020-rw-1024x924.webp\" data-width=\"800\" data-height=\"722\" aria-label=\"\" role=\"img\" ><\/div>\n\t\t\t\t\t\t\t\t\t\t\t<div class=\"elementor-gallery-item__overlay\"><\/div>\n\t\t\t\t\t\t\t\t\t\t\t\t\t\t<\/a>\n\t\t\t\t\t\t\t<a class=\"e-gallery-item elementor-gallery-item elementor-animated-content\" href=\"https:\/\/barsobrado.com\/wp-content\/uploads\/2026\/03\/imgi_32_AHVAwer7pOL5C_jEN12UlbUQEhBFptmGp-F0d0jIsa1WLNaedi269TeWzeRVWmP2elAlHis-wS9oJ6J-MUa_Idj7W1ehRri1Ojma44YiN_imztonpyHYupMI4ShodbreIJ1XHOtwN09fegs1360-w1360-h1020-rw.webp\" data-elementor-open-lightbox=\"yes\" data-elementor-lightbox-slideshow=\"cf0933a\" data-e-action-hash=\"#elementor-action%3Aaction%3Dlightbox%26settings%3DeyJpZCI6MjQzLCJ1cmwiOiJodHRwczpcL1wvYmFyc29icmFkby5jb21cL3dwLWNvbnRlbnRcL3VwbG9hZHNcLzIwMjZcLzAzXC9pbWdpXzMyX0FIVkF3ZXI3cE9MNUNfakVOMTJVbGJVUUVoQkZwdG1HcC1GMGQwaklzYTFXTE5hZWRpMjY5VGVXemVSVldtUDJlbEFsSGlzLXdTOW9KNkotTVVhX0lkajdXMWVoUnJpMU9qbWE0NFlpTl9pbXp0b25weUhZdXBNSTRTaG9kYnJlSUoxWEhPdHdOMDlmZWdzMTM2MC13MTM2MC1oMTAyMC1ydy53ZWJwIiwic2xpZGVzaG93IjoiY2YwOTMzYSJ9\">\n\t\t\t\t\t<div class=\"e-gallery-image elementor-gallery-item__image\" data-thumbnail=\"https:\/\/barsobrado.com\/wp-content\/uploads\/2026\/03\/imgi_32_AHVAwer7pOL5C_jEN12UlbUQEhBFptmGp-F0d0jIsa1WLNaedi269TeWzeRVWmP2elAlHis-wS9oJ6J-MUa_Idj7W1ehRri1Ojma44YiN_imztonpyHYupMI4ShodbreIJ1XHOtwN09fegs1360-w1360-h1020-rw-1024x947.webp\" data-width=\"800\" data-height=\"740\" aria-label=\"\" role=\"img\" ><\/div>\n\t\t\t\t\t\t\t\t\t\t\t<div class=\"elementor-gallery-item__overlay\"><\/div>\n\t\t\t\t\t\t\t\t\t\t\t\t\t\t<\/a>\n\t\t\t\t\t\t\t<a class=\"e-gallery-item elementor-gallery-item elementor-animated-content\" href=\"https:\/\/barsobrado.com\/wp-content\/uploads\/2026\/03\/imgi_31_AHVAwepnDcpaopLy01JPZcoWHJ7qP5AAezEtS01OKsCRQCRsw4Jzbc1Hhibv0P3NNKGtwf4OqJtq9w7kdmWhPX6N5yAzR4jnhpHXlMMFXdCK7_Swg2o3Dmqjg0fZYD52wSQ6l-P-lciIs1360-w1360-h1020-rw.webp\" data-elementor-open-lightbox=\"yes\" data-elementor-lightbox-slideshow=\"cf0933a\" data-e-action-hash=\"#elementor-action%3Aaction%3Dlightbox%26settings%3DeyJpZCI6MjQ0LCJ1cmwiOiJodHRwczpcL1wvYmFyc29icmFkby5jb21cL3dwLWNvbnRlbnRcL3VwbG9hZHNcLzIwMjZcLzAzXC9pbWdpXzMxX0FIVkF3ZXBuRGNwYW9wTHkwMUpQWmNvV0hKN3FQNUFBZXpFdFMwMU9Lc0NSUUNSc3c0SnpiYzFIaGlidjBQM05OS0d0d2Y0T3FKdHE5dzdrZG1XaFBYNk41eUF6UjRqbmhwSFhsTU1GWGRDSzdfU3dnMm8zRG1xamcwZlpZRDUyd1NRNmwtUC1sY2lJczEzNjAtdzEzNjAtaDEwMjAtcncud2VicCIsInNsaWRlc2hvdyI6ImNmMDkzM2EifQ%3D%3D\">\n\t\t\t\t\t<div class=\"e-gallery-image elementor-gallery-item__image\" data-thumbnail=\"https:\/\/barsobrado.com\/wp-content\/uploads\/2026\/03\/imgi_31_AHVAwepnDcpaopLy01JPZcoWHJ7qP5AAezEtS01OKsCRQCRsw4Jzbc1Hhibv0P3NNKGtwf4OqJtq9w7kdmWhPX6N5yAzR4jnhpHXlMMFXdCK7_Swg2o3Dmqjg0fZYD52wSQ6l-P-lciIs1360-w1360-h1020-rw-1024x768.webp\" data-width=\"800\" data-height=\"600\" aria-label=\"\" role=\"img\" ><\/div>\n\t\t\t\t\t\t\t\t\t\t\t<div class=\"elementor-gallery-item__overlay\"><\/div>\n\t\t\t\t\t\t\t\t\t\t\t\t\t\t<\/a>\n\t\t\t\t\t<\/div>\n\t\t\t\t\t<\/div>\n\t\t\t\t\t<\/div>\n\t\t\t\t<\/div>\n\t\t<div class=\"elementor-element elementor-element-9ed8f9a e-flex e-con-boxed e-con e-parent\" data-id=\"9ed8f9a\" data-element_type=\"container\" data-e-type=\"container\" data-settings=\"{&quot;background_background&quot;:&quot;classic&quot;}\">\n\t\t\t\t\t<div class=\"e-con-inner\">\n\t\t\t\t<div class=\"elementor-element elementor-element-834144b elementor-widget elementor-widget-heading\" data-id=\"834144b\" data-element_type=\"widget\" data-e-type=\"widget\" data-widget_type=\"heading.default\">\n\t\t\t\t\t<h2 class=\"elementor-heading-title elementor-size-default\">Explore our services<\/h2>\t\t\t\t<\/div>\n\t\t\t\t<div class=\"elementor-element elementor-element-afe35c5 elementor-widget elementor-widget-button\" data-id=\"afe35c5\" data-element_type=\"widget\" data-e-type=\"widget\" data-widget_type=\"button.default\">\n\t\t\t\t\t\t\t\t\t\t<a class=\"elementor-button elementor-button-link elementor-size-sm\" href=\"\/en\/contacto\/\">\n\t\t\t\t\t\t<span class=\"elementor-button-content-wrapper\">\n\t\t\t\t\t\t\t\t\t<span class=\"elementor-button-text\">CONTACTO<\/span>\n\t\t\t\t\t<\/span>\n\t\t\t\t\t<\/a>\n\t\t\t\t\t\t\t\t<\/div>\n\t\t\t\t\t<\/div>\n\t\t\t\t<\/div>\n\t\t\t\t<\/div>","protected":false},"excerpt":{"rendered":"<p>Servicios Descubre lo que ofrecemos Calamares Especialidad en calamares, preparados al momento y con el sabor tradicional que nos caracteriza.\u00a0 Bebidas y bar Amplia selecci\u00f3n de cervezas, vinos, refrescos y combinados para acompa\u00f1ar cualquier momento del d\u00eda. Tapas y raciones Ofrecemos una variedad de tapas y raciones tradicionales para compartir y disfrutar en buen ambiente. [&hellip;]<\/p>\n","protected":false},"author":1,"featured_media":0,"parent":0,"menu_order":0,"comment_status":"closed","ping_status":"closed","template":"elementor_canvas","meta":{"footnotes":""},"class_list":["post-12","page","type-page","status-publish","hentry"],"yoast_head":"<!-- This site is optimized with the Yoast SEO plugin v27.3 - https:\/\/yoast.com\/product\/yoast-seo-wordpress\/ -->\n<title>Servicios - Bar Sobrado<\/title>\n<meta name=\"robots\" content=\"index, follow, max-snippet:-1, max-image-preview:large, max-video-preview:-1\" \/>\n<link rel=\"canonical\" href=\"https:\/\/barsobrado.com\/en\/servicios\/\" \/>\n<meta property=\"og:locale\" content=\"en_GB\" \/>\n<meta property=\"og:type\" content=\"article\" \/>\n<meta property=\"og:title\" content=\"Servicios - Bar Sobrado\" \/>\n<meta property=\"og:description\" content=\"Servicios Descubre lo que ofrecemos Calamares Especialidad en calamares, preparados al momento y con el sabor tradicional que nos caracteriza.\u00a0 Bebidas y bar Amplia selecci\u00f3n de cervezas, vinos, refrescos y combinados para acompa\u00f1ar cualquier momento del d\u00eda. Tapas y raciones Ofrecemos una variedad de tapas y raciones tradicionales para compartir y disfrutar en buen ambiente. [&hellip;]\" \/>\n<meta property=\"og:url\" content=\"https:\/\/barsobrado.com\/en\/servicios\/\" \/>\n<meta property=\"og:site_name\" content=\"Bar Sobrado\" \/>\n<meta property=\"article:modified_time\" content=\"2026-03-16T08:09:03+00:00\" \/>\n<meta property=\"og:image\" content=\"https:\/\/barsobrado.com\/wp-content\/uploads\/2026\/03\/Captura-desde-2026-03-13-15-03-03.png\" \/>\n<meta name=\"twitter:card\" content=\"summary_large_image\" \/>\n<meta name=\"twitter:label1\" content=\"Estimated reading time\" \/>\n\t<meta name=\"twitter:data1\" content=\"1 minute\" \/>\n<script type=\"application\/ld+json\" class=\"yoast-schema-graph\">{\"@context\":\"https:\\\/\\\/schema.org\",\"@graph\":[{\"@type\":\"WebPage\",\"@id\":\"https:\\\/\\\/barsobrado.com\\\/servicios\\\/\",\"url\":\"https:\\\/\\\/barsobrado.com\\\/servicios\\\/\",\"name\":\"Servicios - Bar Sobrado\",\"isPartOf\":{\"@id\":\"https:\\\/\\\/barsobrado.com\\\/#website\"},\"primaryImageOfPage\":{\"@id\":\"https:\\\/\\\/barsobrado.com\\\/servicios\\\/#primaryimage\"},\"image\":{\"@id\":\"https:\\\/\\\/barsobrado.com\\\/servicios\\\/#primaryimage\"},\"thumbnailUrl\":\"https:\\\/\\\/barsobrado.com\\\/wp-content\\\/uploads\\\/2026\\\/03\\\/Captura-desde-2026-03-13-15-03-03.png\",\"datePublished\":\"2026-03-13T11:10:51+00:00\",\"dateModified\":\"2026-03-16T08:09:03+00:00\",\"breadcrumb\":{\"@id\":\"https:\\\/\\\/barsobrado.com\\\/servicios\\\/#breadcrumb\"},\"inLanguage\":\"en-GB\",\"potentialAction\":[{\"@type\":\"ReadAction\",\"target\":[\"https:\\\/\\\/barsobrado.com\\\/servicios\\\/\"]}]},{\"@type\":\"ImageObject\",\"inLanguage\":\"en-GB\",\"@id\":\"https:\\\/\\\/barsobrado.com\\\/servicios\\\/#primaryimage\",\"url\":\"https:\\\/\\\/barsobrado.com\\\/wp-content\\\/uploads\\\/2026\\\/03\\\/Captura-desde-2026-03-13-15-03-03.png\",\"contentUrl\":\"https:\\\/\\\/barsobrado.com\\\/wp-content\\\/uploads\\\/2026\\\/03\\\/Captura-desde-2026-03-13-15-03-03.png\"},{\"@type\":\"BreadcrumbList\",\"@id\":\"https:\\\/\\\/barsobrado.com\\\/servicios\\\/#breadcrumb\",\"itemListElement\":[{\"@type\":\"ListItem\",\"position\":1,\"name\":\"Portada\",\"item\":\"https:\\\/\\\/barsobrado.com\\\/\"},{\"@type\":\"ListItem\",\"position\":2,\"name\":\"Servicios\"}]},{\"@type\":\"WebSite\",\"@id\":\"https:\\\/\\\/barsobrado.com\\\/#website\",\"url\":\"https:\\\/\\\/barsobrado.com\\\/\",\"name\":\"Bar Sobrado\",\"description\":\"\",\"publisher\":{\"@id\":\"https:\\\/\\\/barsobrado.com\\\/#organization\"},\"potentialAction\":[{\"@type\":\"SearchAction\",\"target\":{\"@type\":\"EntryPoint\",\"urlTemplate\":\"https:\\\/\\\/barsobrado.com\\\/?s={search_term_string}\"},\"query-input\":{\"@type\":\"PropertyValueSpecification\",\"valueRequired\":true,\"valueName\":\"search_term_string\"}}],\"inLanguage\":\"en-GB\"},{\"@type\":\"Organization\",\"@id\":\"https:\\\/\\\/barsobrado.com\\\/#organization\",\"name\":\"Bar Sobrado\",\"url\":\"https:\\\/\\\/barsobrado.com\\\/\",\"logo\":{\"@type\":\"ImageObject\",\"inLanguage\":\"en-GB\",\"@id\":\"https:\\\/\\\/barsobrado.com\\\/#\\\/schema\\\/logo\\\/image\\\/\",\"url\":\"https:\\\/\\\/barsobrado.com\\\/wp-content\\\/uploads\\\/2026\\\/03\\\/cropped-barsobrado202506_logoarriba.jpg\",\"contentUrl\":\"https:\\\/\\\/barsobrado.com\\\/wp-content\\\/uploads\\\/2026\\\/03\\\/cropped-barsobrado202506_logoarriba.jpg\",\"width\":223,\"height\":222,\"caption\":\"Bar Sobrado\"},\"image\":{\"@id\":\"https:\\\/\\\/barsobrado.com\\\/#\\\/schema\\\/logo\\\/image\\\/\"}}]}<\/script>\n<!-- \/ Yoast SEO plugin. -->","yoast_head_json":{"title":"Servicios - Bar Sobrado","robots":{"index":"index","follow":"follow","max-snippet":"max-snippet:-1","max-image-preview":"max-image-preview:large","max-video-preview":"max-video-preview:-1"},"canonical":"https:\/\/barsobrado.com\/en\/servicios\/","og_locale":"en_GB","og_type":"article","og_title":"Servicios - Bar Sobrado","og_description":"Servicios Descubre lo que ofrecemos Calamares Especialidad en calamares, preparados al momento y con el sabor tradicional que nos caracteriza.\u00a0 Bebidas y bar Amplia selecci\u00f3n de cervezas, vinos, refrescos y combinados para acompa\u00f1ar cualquier momento del d\u00eda. Tapas y raciones Ofrecemos una variedad de tapas y raciones tradicionales para compartir y disfrutar en buen ambiente. [&hellip;]","og_url":"https:\/\/barsobrado.com\/en\/servicios\/","og_site_name":"Bar Sobrado","article_modified_time":"2026-03-16T08:09:03+00:00","og_image":[{"url":"https:\/\/barsobrado.com\/wp-content\/uploads\/2026\/03\/Captura-desde-2026-03-13-15-03-03.png","type":"","width":"","height":""}],"twitter_card":"summary_large_image","twitter_misc":{"Estimated reading time":"1 minute"},"schema":{"@context":"https:\/\/schema.org","@graph":[{"@type":"WebPage","@id":"https:\/\/barsobrado.com\/servicios\/","url":"https:\/\/barsobrado.com\/servicios\/","name":"Servicios - Bar Sobrado","isPartOf":{"@id":"https:\/\/barsobrado.com\/#website"},"primaryImageOfPage":{"@id":"https:\/\/barsobrado.com\/servicios\/#primaryimage"},"image":{"@id":"https:\/\/barsobrado.com\/servicios\/#primaryimage"},"thumbnailUrl":"https:\/\/barsobrado.com\/wp-content\/uploads\/2026\/03\/Captura-desde-2026-03-13-15-03-03.png","datePublished":"2026-03-13T11:10:51+00:00","dateModified":"2026-03-16T08:09:03+00:00","breadcrumb":{"@id":"https:\/\/barsobrado.com\/servicios\/#breadcrumb"},"inLanguage":"en-GB","potentialAction":[{"@type":"ReadAction","target":["https:\/\/barsobrado.com\/servicios\/"]}]},{"@type":"ImageObject","inLanguage":"en-GB","@id":"https:\/\/barsobrado.com\/servicios\/#primaryimage","url":"https:\/\/barsobrado.com\/wp-content\/uploads\/2026\/03\/Captura-desde-2026-03-13-15-03-03.png","contentUrl":"https:\/\/barsobrado.com\/wp-content\/uploads\/2026\/03\/Captura-desde-2026-03-13-15-03-03.png"},{"@type":"BreadcrumbList","@id":"https:\/\/barsobrado.com\/servicios\/#breadcrumb","itemListElement":[{"@type":"ListItem","position":1,"name":"Portada","item":"https:\/\/barsobrado.com\/"},{"@type":"ListItem","position":2,"name":"Servicios"}]},{"@type":"WebSite","@id":"https:\/\/barsobrado.com\/#website","url":"https:\/\/barsobrado.com\/","name":"Bar Sobrado","description":"","publisher":{"@id":"https:\/\/barsobrado.com\/#organization"},"potentialAction":[{"@type":"SearchAction","target":{"@type":"EntryPoint","urlTemplate":"https:\/\/barsobrado.com\/?s={search_term_string}"},"query-input":{"@type":"PropertyValueSpecification","valueRequired":true,"valueName":"search_term_string"}}],"inLanguage":"en-GB"},{"@type":"Organization","@id":"https:\/\/barsobrado.com\/#organization","name":"Bar Sobrado","url":"https:\/\/barsobrado.com\/","logo":{"@type":"ImageObject","inLanguage":"en-GB","@id":"https:\/\/barsobrado.com\/#\/schema\/logo\/image\/","url":"https:\/\/barsobrado.com\/wp-content\/uploads\/2026\/03\/cropped-barsobrado202506_logoarriba.jpg","contentUrl":"https:\/\/barsobrado.com\/wp-content\/uploads\/2026\/03\/cropped-barsobrado202506_logoarriba.jpg","width":223,"height":222,"caption":"Bar Sobrado"},"image":{"@id":"https:\/\/barsobrado.com\/#\/schema\/logo\/image\/"}}]}},"_links":{"self":[{"href":"https:\/\/barsobrado.com\/en\/wp-json\/wp\/v2\/pages\/12","targetHints":{"allow":["GET"]}}],"collection":[{"href":"https:\/\/barsobrado.com\/en\/wp-json\/wp\/v2\/pages"}],"about":[{"href":"https:\/\/barsobrado.com\/en\/wp-json\/wp\/v2\/types\/page"}],"author":[{"embeddable":true,"href":"https:\/\/barsobrado.com\/en\/wp-json\/wp\/v2\/users\/1"}],"replies":[{"embeddable":true,"href":"https:\/\/barsobrado.com\/en\/wp-json\/wp\/v2\/comments?post=12"}],"version-history":[{"count":112,"href":"https:\/\/barsobrado.com\/en\/wp-json\/wp\/v2\/pages\/12\/revisions"}],"predecessor-version":[{"id":512,"href":"https:\/\/barsobrado.com\/en\/wp-json\/wp\/v2\/pages\/12\/revisions\/512"}],"wp:attachment":[{"href":"https:\/\/barsobrado.com\/en\/wp-json\/wp\/v2\/media?parent=12"}],"curies":[{"name":"wp","href":"https:\/\/api.w.org\/{rel}","templated":true}]}}